{"id":2308,"date":"2025-06-27T18:53:00","date_gmt":"2025-06-27T16:53:00","guid":{"rendered":"https:\/\/car-art.pl\/?post_type=product&#038;p=2308"},"modified":"2025-07-26T09:39:25","modified_gmt":"2025-07-26T07:39:25","slug":"godzilla-r32-czarna","status":"publish","type":"product","link":"https:\/\/car-art.pl\/?product=godzilla-r32-czarna","title":{"rendered":"Bluza GTR &#8211; Czarna"},"content":{"rendered":"","protected":false},"excerpt":{"rendered":"<p><strong>Godzilla R32<\/strong><\/p>\n<ul class=\"ul1\">\n<li class=\"li1\">Ko\u0142nierz typu crossover.<\/li>\n<li class=\"li1\">Ko\u0142nierzyk, r\u0119kawy i d\u00f3\u0142 bluzy zako\u0144czone \u015bci\u0105gaczem 2\u00d71 z elastanem.<\/li>\n<li class=\"li1\">320 g\/m\u00b2.<\/li>\n<li class=\"li1\">80% Bawe\u0142na \/ 20% Poliester<\/li>\n<\/ul>\n<p class=\"p1\"><span class=\"s2\">Kr\u00f3j: OVERSIZE<\/span><\/p>\n<p><img decoding=\"async\" src=\"https:\/\/car-art.pl\/wp-content\/uploads\/2024\/12\/bluzy-rozmiarowka.jpg\" \/><\/p>\n","protected":false},"featured_media":5014,"comment_status":"closed","ping_status":"closed","template":"","meta":[],"product_brand":[],"product_cat":[58],"product_tag":[],"class_list":{"0":"post-2308","1":"product","2":"type-product","3":"status-publish","4":"has-post-thumbnail","6":"product_cat-bluzy","8":"first","9":"instock","10":"shipping-taxable","11":"purchasable","12":"product-type-variable"},"jetpack_sharing_enabled":true,"_links":{"self":[{"href":"https:\/\/car-art.pl\/index.php?rest_route=\/wp\/v2\/product\/2308","targetHints":{"allow":["GET"]}}],"collection":[{"href":"https:\/\/car-art.pl\/index.php?rest_route=\/wp\/v2\/product"}],"about":[{"href":"https:\/\/car-art.pl\/index.php?rest_route=\/wp\/v2\/types\/product"}],"replies":[{"embeddable":true,"href":"https:\/\/car-art.pl\/index.php?rest_route=%2Fwp%2Fv2%2Fcomments&post=2308"}],"wp:featuredmedia":[{"embeddable":true,"href":"https:\/\/car-art.pl\/index.php?rest_route=\/wp\/v2\/media\/5014"}],"wp:attachment":[{"href":"https:\/\/car-art.pl\/index.php?rest_route=%2Fwp%2Fv2%2Fmedia&parent=2308"}],"wp:term":[{"taxonomy":"product_brand","embeddable":true,"href":"https:\/\/car-art.pl\/index.php?rest_route=%2Fwp%2Fv2%2Fproduct_brand&post=2308"},{"taxonomy":"product_cat","embeddable":true,"href":"https:\/\/car-art.pl\/index.php?rest_route=%2Fwp%2Fv2%2Fproduct_cat&post=2308"},{"taxonomy":"product_tag","embeddable":true,"href":"https:\/\/car-art.pl\/index.php?rest_route=%2Fwp%2Fv2%2Fproduct_tag&post=2308"}],"curies":[{"name":"wp","href":"https:\/\/api.w.org\/{rel}","templated":true}]}}